{"id":242129,"date":"2022-01-19T18:02:27","date_gmt":"2022-01-19T18:02:27","guid":{"rendered":"https:\/\/echo-service.eu\/?page_id=242129"},"modified":"2022-01-19T18:09:25","modified_gmt":"2022-01-19T18:09:25","slug":"leistungsbeschreibung","status":"publish","type":"page","link":"https:\/\/echo-service.eu\/en\/leistungsbeschreibung\/","title":{"rendered":"Leistungsbeschreibung"},"content":{"rendered":"<p>[et_pb_section fb_built=&#8220;1&#8243; fullwidth=&#8220;on&#8220; admin_label=&#8220;Hero Section&#8220; _builder_version=&#8220;4.13.0&#8243; global_colors_info=&#8220;{}&#8220;][et_pb_fullwidth_header title=&#8220;ECHO eG&#8220; subhead=&#8220;Leistungsbeschreibung&#8220; text_orientation=&#8220;center&#8220; background_overlay_color=&#8220;rgba(0,0,0,0.8)&#8220; content_max_width=&#8220;550px&#8220; _builder_version=&#8220;4.13.0&#8243; title_font=&#8220;|||on|||||&#8220; title_text_color=&#8220;#FFCC33&#8243; title_font_size=&#8220;16px&#8220; title_letter_spacing=&#8220;2px&#8220; title_line_height=&#8220;1.4em&#8220; content_font=&#8220;|||on|||||&#8220; content_letter_spacing=&#8220;2px&#8220; content_line_height=&#8220;2em&#8220; subhead_font=&#8220;|||on|||||&#8220; subhead_font_size=&#8220;24px&#8220; subhead_letter_spacing=&#8220;2px&#8220; subhead_line_height=&#8220;1.8em&#8220; background_color=&#8220;rgba(255, 255, 255, 0)&#8220; background_image=&#8220;https:\/\/echo-service.eu\/wp-content\/uploads\/2021\/11\/consultant-11.jpg&#8220; parallax=&#8220;on&#8220; parallax_method=&#8220;on&#8220; custom_button_one=&#8220;on&#8220; button_one_border_width=&#8220;1px&#8220; button_one_border_color=&#8220;rgba(255,255,255,0.3)&#8220; button_one_border_radius=&#8220;0px&#8220; button_one_letter_spacing=&#8220;1px&#8220; button_one_font=&#8220;Saira Extra Condensed|600||on|||||&#8220; button_one_icon=&#8220;&#x24;||divi||400&#8243; button_one_icon_color=&#8220;#edbb5f&#8220; custom_button_two=&#8220;on&#8220; button_two_border_width=&#8220;1px&#8220; button_two_border_color=&#8220;rgba(255,255,255,0.3)&#8220; button_two_border_radius=&#8220;0px&#8220; button_two_letter_spacing=&#8220;1px&#8220; button_two_font=&#8220;Saira Extra Condensed|600||on|||||&#8220; button_two_icon=&#8220;&#x24;||divi||400&#8243; button_two_icon_color=&#8220;#edbb5f&#8220; module_alignment=&#8220;right&#8220; custom_margin=&#8220;|||&#8220; custom_padding=&#8220;0.2%||96px|||&#8220; custom_padding_tablet=&#8220;8%||130px||false|false&#8220; custom_padding_phone=&#8220;||80px||false|false&#8220; custom_padding_last_edited=&#8220;on|phone&#8220; button_one_text_color_hover=&#8220;#edbb5f&#8220; button_two_text_color_hover=&#8220;#edbb5f&#8220; button_one_bg_color_hover=&#8220;rgba(0,0,0,0)&#8220; button_two_bg_color_hover=&#8220;rgba(0,0,0,0)&#8220; global_colors_info=&#8220;{}&#8220; button_one_text_size__hover_enabled=&#8220;off&#8220; button_two_text_size__hover_enabled=&#8220;off&#8220; button_one_text_color__hover_enabled=&#8220;on&#8220; button_one_text_color__hover=&#8220;#edbb5f&#8220; button_two_text_color__hover_enabled=&#8220;on&#8220; button_two_text_color__hover=&#8220;#edbb5f&#8220; button_one_border_width__hover_enabled=&#8220;off&#8220; button_two_border_width__hover_enabled=&#8220;off&#8220; button_one_border_color__hover_enabled=&#8220;off&#8220; button_two_border_color__hover_enabled=&#8220;off&#8220; button_one_border_radius__hover_enabled=&#8220;off&#8220; button_two_border_radius__hover_enabled=&#8220;off&#8220; button_one_letter_spacing__hover_enabled=&#8220;off&#8220; button_two_letter_spacing__hover_enabled=&#8220;off&#8220; button_one_bg_color__hover_enabled=&#8220;on&#8220; button_one_bg_color__hover=&#8220;rgba(0,0,0,0)&#8220; button_two_bg_color__hover_enabled=&#8220;on&#8220; button_two_bg_color__hover=&#8220;rgba(0,0,0,0)&#8220;]<\/p>\n<div class=\"page\" title=\"Page 1\">\n<div class=\"layoutArea\">\n<div class=\"column\">\n<p><span>Content<\/span><\/p>\n<\/div>\n<\/div>\n<\/div>\n<p>[\/et_pb_fullwidth_header][\/et_pb_section][et_pb_section fb_built=&#8220;1&#8243; admin_label=&#8220;Attributes&#8220; _builder_version=&#8220;3.22&#8243; custom_margin=&#8220;|||&#8220; custom_padding=&#8220;0px|0px|100px|0px&#8220; global_colors_info=&#8220;{}&#8220;][et_pb_row use_custom_gutter=&#8220;on&#8220; gutter_width=&#8220;1&#8243; _builder_version=&#8220;3.25&#8243; background_color=&#8220;#ffffff&#8220; max_width=&#8220;1440px&#8220; custom_margin=&#8220;|||&#8220; custom_padding=&#8220;27px|0px|0px|0px&#8220; box_shadow_style=&#8220;preset3&#8243; box_shadow_vertical=&#8220;15px&#8220; box_shadow_blur=&#8220;80px&#8220; box_shadow_color=&#8220;rgba(0,0,0,0.15)&#8220; use_custom_width=&#8220;on&#8220; custom_width_px=&#8220;1440px&#8220; global_colors_info=&#8220;{}&#8220;][et_pb_column type=&#8220;4_4&#8243; _builder_version=&#8220;3.25&#8243; custom_padding=&#8220;|||&#8220; global_colors_info=&#8220;{}&#8220; custom_padding__hover=&#8220;|||&#8220;][et_pb_text _builder_version=&#8220;4.14.6&#8243; text_font=&#8220;||||||||&#8220; text_letter_spacing=&#8220;2px&#8220; text_line_height=&#8220;2em&#8220; header_font=&#8220;|||on|||||&#8220; header_font_size=&#8220;24px&#8220; header_3_font=&#8220;|600||on|||||&#8220; header_3_line_height=&#8220;1.4em&#8220; background_color=&#8220;#ffffff&#8220; max_width=&#8220;992px&#8220; min_height=&#8220;251px&#8220; custom_margin=&#8220;-100px|||&#8220; custom_padding=&#8220;60px|40px|60px|39px|true|false&#8220; custom_padding_tablet=&#8220;30px|30px|30px|30px|true|true&#8220; custom_padding_phone=&#8220;20px|20px|20px|20px|true|true&#8220; custom_padding_last_edited=&#8220;on|phone&#8220; border_color_all=&#8220;rgba(51,51,51,0.06)&#8220; border_width_right=&#8220;1px&#8220; border_width_left=&#8220;1px&#8220; locked=&#8220;off&#8220; global_colors_info=&#8220;{}&#8220;]<\/p>\n<div class=\"page\" title=\"Page 1\">\n<div class=\"section\">\n<div class=\"layoutArea\">\n<p style=\"text-align: left;\">Die European Cloud and Hosting Organisation eG (kurz ECHO) ist ein\u00a0<span style=\"font-size: 14px;\">Interessen- und Einkaufsverband f\u00fcr europ\u00e4ische Cloud und Hosting\u00a0<\/span><span style=\"font-size: 14px;\">Betreiber.<\/span><\/p>\n<p style=\"text-align: left;\"><span style=\"font-size: 14px;\">Bei diesen Betreibern handelt es sich um selbstst\u00e4ndige Unternehmen mit unterschiedlichen Unternehmensgr\u00f6\u00dfen. In Deutschland gibt es derzeit ca. 2000 Hoster, europaweit betr\u00e4gt die Anzahl ca. 18000.<\/span><\/p>\n<p style=\"text-align: left;\">Durch die Mitgliedschaft in der ECHO eG. k\u00f6nnen die teilnehmenden Unternehmen von einer Reihe von Vorteilen profitieren.<span>\u00a0 <\/span><\/p>\n<p style=\"text-align: left;\">Neben den direkt zu beziffernden Einsparungen gibt es den weiteren Vorteil, dass die von den Herstellern regelm\u00e4\u00dfig durchgef\u00fchrten Audits von der ECHO eG \u00fcbernommen werden. Ein i.d.R. mehrmonatiges Audit f\u00fchrt zu einer Mehrbelastung in den betroffenen Unternehmen, welches interne Ressourcen bindet und zus\u00e4tzliche Kosten verursacht. Durch den Einsatz einer zertifizierten und automatisierten Software ist es der ECHO eG m\u00f6glich, diese Audits zu \u00fcbernehmen und die Mitglieder hier dementsprechend zu entlasten.<\/p>\n<p style=\"text-align: left;\">Neben der reinen Kosteneinsparung bietet die ECHO eG ihren Mitgliedern weitere Vorteile an, die es so im Markt noch nicht gibt. Durch den Einsatz von Consultants der ECHO eG haben die Mitglieder erstmals die M\u00f6glichkeit, \u00fcber alle relevanten Themen (z.B. Software Lizenzierung Regularien \/ Markt-\/ und Nutzungs\u00e4nderungen) informiert zu werden und eine kompetente<\/p>\n<p style=\"text-align: left;\">Unterst\u00fctzung im Tagesgesch\u00e4ft zu erhalten. Auf IT-Recht spezialisierte\u00a0<span style=\"font-size: 14px;\">Rechtsanw\u00e4lte stehen der ECHO eG zur Verf\u00fcgung und sollen im weiteren Verlauf vollst\u00e4ndig integriert bzw. bei der Genossenschaft angestellt werden. Weitere Themen wie ein zentrales Marketing, Lobbyarbeit und Presseunterst\u00fctzung seien hier noch als weitere Vorteile zu nennen.<\/span><\/p>\n<p style=\"text-align: left;\">Betreiber von Rechenzentren ben\u00f6tigen gro\u00dfe Mengen an Strom. Auch hier wird die ECHO eG entsprechende Vertr\u00e4ge mit den Anbietern abschlie\u00dfen, um f\u00fcr ihre Mitglieder Einkaufsvorteile zu generieren. Erstmals wird es f\u00fcr die Mitglieder auch m\u00f6glich sein, von EU-Subventionen zu profitieren in diesem Bereich, da die ECHO eG sich hier entsprechend einbringen wird. Besonders bei kleineren Unternehmen fehlt es hierf\u00fcr meistens an den Ressourcen und F\u00e4higkeiten neben dem Tagesgesch\u00e4ft.<\/p>\n<p style=\"text-align: left;\"><strong>Zusammengefasst die Kernpunkte, die eine Genossenschaft erforderlich machen:<\/strong><\/p>\n<ul style=\"text-align: left;\">\n<li>Monopolisierung des IT Marktes<\/li>\n<li>Cloud Strategien der Hersteller (z.B. Microsoft wandelt sich vom\u00a0<span style=\"font-size: 14px;\">Softwarehersteller zum Betreiber und damit zum Wettbewerber der Mitglieder)<\/span><\/li>\n<li><span style=\"font-size: 14px;\">Zeit- und Kostenintensive Aufwendungen zur Sicherstellung der Compliance<\/span><\/li>\n<li><span style=\"font-size: 14px;\">Regelm\u00e4\u00dfige Audits der Hersteller<\/span><\/li>\n<li><span style=\"font-size: 14px;\">Benachteiligungen bei Updates\/Patches (bei der Masse an unterschiedlichen Herstellern bei jedem Mitglied besteht hier ein hoher Personalaufwand f\u00fcr die einzelnen Mitglieder)<\/span><\/li>\n<li><span style=\"font-size: 14px;\">Erweiterung der Wettbewerbsf\u00e4higkeit \/ Angebotserweiterung<\/span><\/li>\n<\/ul>\n<p style=\"text-align: left;\"><span>\u00a0<\/span><\/p>\n<p style=\"text-align: left;\"><strong><\/strong><\/p>\n<\/div>\n<\/div>\n<\/div>\n<p>[\/et_pb_text][\/et_pb_column][\/et_pb_row][\/et_pb_section]<\/p>","protected":false},"excerpt":{"rendered":"<p>Inhalt Die European Cloud and Hosting Organisation eG (kurz ECHO) ist ein\u00a0Interessen- und Einkaufsverband f\u00fcr europ\u00e4ische Cloud und Hosting\u00a0Betreiber. Bei diesen Betreibern handelt es sich um selbstst\u00e4ndige Unternehmen mit unterschiedlichen Unternehmensgr\u00f6\u00dfen. In Deutschland gibt es derzeit ca. 2000 Hoster, europaweit betr\u00e4gt die Anzahl ca. 18000. Durch die Mitgliedschaft in der ECHO eG. k\u00f6nnen die teilnehmenden [&hellip;]<\/p>","protected":false},"author":1,"featured_media":0,"parent":0,"menu_order":0,"comment_status":"closed","ping_status":"closed","template":"","meta":{"_et_pb_use_builder":"on","_et_pb_old_content":"","_et_gb_content_width":"","footnotes":""},"class_list":["post-242129","page","type-page","status-publish","hentry"],"jetpack_sharing_enabled":true,"_links":{"self":[{"href":"https:\/\/echo-service.eu\/en\/wp-json\/wp\/v2\/pages\/242129","targetHints":{"allow":["GET"]}}],"collection":[{"href":"https:\/\/echo-service.eu\/en\/wp-json\/wp\/v2\/pages"}],"about":[{"href":"https:\/\/echo-service.eu\/en\/wp-json\/wp\/v2\/types\/page"}],"author":[{"embeddable":true,"href":"https:\/\/echo-service.eu\/en\/wp-json\/wp\/v2\/users\/1"}],"replies":[{"embeddable":true,"href":"https:\/\/echo-service.eu\/en\/wp-json\/wp\/v2\/comments?post=242129"}],"version-history":[{"count":4,"href":"https:\/\/echo-service.eu\/en\/wp-json\/wp\/v2\/pages\/242129\/revisions"}],"predecessor-version":[{"id":242135,"href":"https:\/\/echo-service.eu\/en\/wp-json\/wp\/v2\/pages\/242129\/revisions\/242135"}],"wp:attachment":[{"href":"https:\/\/echo-service.eu\/en\/wp-json\/wp\/v2\/media?parent=242129"}],"curies":[{"name":"wp","href":"https:\/\/api.w.org\/{rel}","templated":true}]}}