{"id":242648,"date":"2023-06-15T07:53:43","date_gmt":"2023-06-15T07:53:43","guid":{"rendered":"https:\/\/echo-service.eu\/?page_id=242648"},"modified":"2023-06-15T07:56:34","modified_gmt":"2023-06-15T07:56:34","slug":"operations-managed-services","status":"publish","type":"page","link":"https:\/\/echo-service.eu\/en\/operations-managed-services\/","title":{"rendered":"Operations Managed Services"},"content":{"rendered":"<p>[et_pb_section fb_built=&#8220;1&#8243; fullwidth=&#8220;on&#8220; admin_label=&#8220;Hero Section&#8220; _builder_version=&#8220;4.21.0&#8243; background_color=&#8220;#003399&#8243; background_image=&#8220;https:\/\/echo-service.eu\/wp-content\/uploads\/2022\/05\/Design-ohne-Titel-2.jpg&#8220; hover_enabled=&#8220;0&#8243; global_colors_info=&#8220;{}&#8220; title_text=&#8220;Design ohne Titel-2&#8243; sticky_enabled=&#8220;0&#8243;][et_pb_fullwidth_header title=&#8220;ECHO&#8220; subhead=&#8220;Operations Managed Services&#8220; text_orientation=&#8220;center&#8220; background_overlay_color=&#8220;rgba(0,0,0,0.8)&#8220; content_max_width=&#8220;550px&#8220; _builder_version=&#8220;4.21.0&#8243; title_font=&#8220;|||on|||||&#8220; title_text_color=&#8220;#FFCC33&#8243; title_font_size=&#8220;16px&#8220; title_letter_spacing=&#8220;2px&#8220; title_line_height=&#8220;1.4em&#8220; content_font=&#8220;|||on|||||&#8220; content_letter_spacing=&#8220;2px&#8220; content_line_height=&#8220;2em&#8220; subhead_font=&#8220;|||on|||||&#8220; subhead_font_size=&#8220;24px&#8220; subhead_letter_spacing=&#8220;2px&#8220; subhead_line_height=&#8220;1.8em&#8220; background_color=&#8220;rgba(255, 255, 255, 0)&#8220; background_image=&#8220;https:\/\/echo-service.eu\/wp-content\/uploads\/2021\/11\/consultant-11.jpg&#8220; parallax=&#8220;on&#8220; parallax_method=&#8220;on&#8220; custom_button_one=&#8220;on&#8220; button_one_border_width=&#8220;1px&#8220; button_one_border_color=&#8220;rgba(255,255,255,0.3)&#8220; button_one_border_radius=&#8220;0px&#8220; button_one_letter_spacing=&#8220;1px&#8220; button_one_font=&#8220;Saira Extra Condensed|600||on|||||&#8220; button_one_icon=&#8220;&#x24;||divi||400&#8243; button_one_icon_color=&#8220;#edbb5f&#8220; custom_button_two=&#8220;on&#8220; button_two_border_width=&#8220;1px&#8220; button_two_border_color=&#8220;rgba(255,255,255,0.3)&#8220; button_two_border_radius=&#8220;0px&#8220; button_two_letter_spacing=&#8220;1px&#8220; button_two_font=&#8220;Saira Extra Condensed|600||on|||||&#8220; button_two_icon=&#8220;&#x24;||divi||400&#8243; button_two_icon_color=&#8220;#edbb5f&#8220; module_alignment=&#8220;right&#8220; custom_margin=&#8220;|||&#8220; custom_padding=&#8220;0.2%||96px|||&#8220; custom_padding_tablet=&#8220;8%||130px||false|false&#8220; custom_padding_phone=&#8220;||80px||false|false&#8220; custom_padding_last_edited=&#8220;on|phone&#8220; button_one_text_color_hover=&#8220;#edbb5f&#8220; button_two_text_color_hover=&#8220;#edbb5f&#8220; button_one_bg_color_hover=&#8220;rgba(0,0,0,0)&#8220; button_two_bg_color_hover=&#8220;rgba(0,0,0,0)&#8220; global_colors_info=&#8220;{}&#8220; button_one_text_size__hover_enabled=&#8220;off&#8220; button_two_text_size__hover_enabled=&#8220;off&#8220; button_one_text_color__hover_enabled=&#8220;on&#8220; button_one_text_color__hover=&#8220;#edbb5f&#8220; button_two_text_color__hover_enabled=&#8220;on&#8220; button_two_text_color__hover=&#8220;#edbb5f&#8220; button_one_border_width__hover_enabled=&#8220;off&#8220; button_two_border_width__hover_enabled=&#8220;off&#8220; button_one_border_color__hover_enabled=&#8220;off&#8220; button_two_border_color__hover_enabled=&#8220;off&#8220; button_one_border_radius__hover_enabled=&#8220;off&#8220; button_two_border_radius__hover_enabled=&#8220;off&#8220; button_one_letter_spacing__hover_enabled=&#8220;off&#8220; button_two_letter_spacing__hover_enabled=&#8220;off&#8220; button_one_bg_color__hover_enabled=&#8220;on&#8220; button_one_bg_color__hover=&#8220;rgba(0,0,0,0)&#8220; button_two_bg_color__hover_enabled=&#8220;on&#8220; button_two_bg_color__hover=&#8220;rgba(0,0,0,0)&#8220;]<\/p>\n<p><span>refers to the provision of comprehensive IT operations services by specialized service providers. These service providers take responsibility for the smooth operation and monitoring of their customers' IT infrastructure and business processes.\u00a0<\/span><\/p>\n<p>[\/et_pb_fullwidth_header][\/et_pb_section][et_pb_section fb_built=&#8220;1&#8243; admin_label=&#8220;Attributes&#8220; _builder_version=&#8220;4.21.0&#8243; custom_margin=&#8220;|||&#8220; custom_padding=&#8220;0px|0px|100px|0px&#8220; global_colors_info=&#8220;{}&#8220;][et_pb_row use_custom_gutter=&#8220;on&#8220; gutter_width=&#8220;1&#8243; _builder_version=&#8220;4.16&#8243; background_color=&#8220;#ffffff&#8220; max_width=&#8220;1440px&#8220; custom_margin=&#8220;|||&#8220; custom_padding=&#8220;27px|0px|0px|0px&#8220; box_shadow_style=&#8220;preset3&#8243; box_shadow_vertical=&#8220;15px&#8220; box_shadow_blur=&#8220;80px&#8220; box_shadow_color=&#8220;rgba(0,0,0,0.15)&#8220; use_custom_width=&#8220;on&#8220; custom_width_px=&#8220;1440px&#8220; global_colors_info=&#8220;{}&#8220;][et_pb_column type=&#8220;4_4&#8243; _builder_version=&#8220;4.16&#8243; custom_padding=&#8220;|||&#8220; global_colors_info=&#8220;{}&#8220; custom_padding__hover=&#8220;|||&#8220;][et_pb_text _builder_version=&#8220;4.21.0&#8243; text_font=&#8220;||||||||&#8220; text_letter_spacing=&#8220;2px&#8220; text_line_height=&#8220;2em&#8220; header_font=&#8220;|||on|||||&#8220; header_font_size=&#8220;24px&#8220; header_3_font=&#8220;|600||on|||||&#8220; header_3_line_height=&#8220;1.4em&#8220; background_color=&#8220;#ffffff&#8220; max_width=&#8220;992px&#8220; min_height=&#8220;215px&#8220; custom_margin=&#8220;-100px||||false|false&#8220; custom_padding=&#8220;26px|40px|60px|39px|false|false&#8220; custom_padding_tablet=&#8220;30px|30px|30px|30px|true|true&#8220; custom_padding_phone=&#8220;20px|20px|20px|20px|true|true&#8220; custom_padding_last_edited=&#8220;on|phone&#8220; border_color_all=&#8220;rgba(51,51,51,0.06)&#8220; border_width_right=&#8220;1px&#8220; border_width_left=&#8220;1px&#8220; locked=&#8220;off&#8220; global_colors_info=&#8220;{}&#8220;]<\/p>\n<p><span>In this report, we will look at the different aspects of Operations Managed Services and analyze what they mean for businesses.<\/span><\/p>\n<p>[\/et_pb_text][et_pb_accordion _builder_version=&#8220;4.21.0&#8243; _module_preset=&#8220;default&#8220; background_color=&#8220;RGBA(255,255,255,0)&#8220; custom_margin=&#8220;-110px||||false|false&#8220; box_shadow_style=&#8220;preset3&#8243; global_colors_info=&#8220;{}&#8220;][et_pb_accordion_item title=&#8220;Definition und Umfang von Operations Managed Services: &#8220; open=&#8220;on&#8220; _builder_version=&#8220;4.21.0&#8243; _module_preset=&#8220;default&#8220; custom_margin=&#8220;30px||30px||true|false&#8220; global_colors_info=&#8220;{}&#8220;]<\/p>\n<p><span>Operations managed services encompass a variety of services that aim to make a company's IT operations efficient and cost-effective. This includes IT infrastructure monitoring and management, incident and problem management, maintenance management, system optimization, backup and recovery, patch management, and security monitoring and management. OMS service providers work closely with their customers to understand their specific requirements and provide customized solutions.<\/span><\/p>\n<p>[\/et_pb_accordion_item][et_pb_accordion_item title=&#8220;Vorteile von Operations Managed Services:&#8220; _builder_version=&#8220;4.21.0&#8243; _module_preset=&#8220;default&#8220; custom_margin=&#8220;30px||30px||true|false&#8220; global_colors_info=&#8220;{}&#8220; open=&#8220;off&#8220;]<\/p>\n<p><span>There are a number of benefits to using Operations Managed Services. First, they allow companies to focus on their core competencies and strategic goals while outsourcing the routine tasks of IT operations to specialized service providers. This leads to improved efficiency and productivity across the organization. Secondly, OMS service providers help to minimize IT risks and ensure the security of systems and data. They have extensive expertise and resources to detect, analyze, and respond to threats. Third, they offer increased flexibility and scalability to meet a company's changing needs and growth goals.<\/span><\/p>\n<h2><\/h2>\n<p>[\/et_pb_accordion_item][et_pb_accordion_item title=&#8220;Best Practices im Bereich Operations Managed Services:&#8220; _builder_version=&#8220;4.21.0&#8243; _module_preset=&#8220;default&#8220; custom_margin=&#8220;30px||30px||true|false&#8220; global_colors_info=&#8220;{}&#8220; open=&#8220;off&#8220;]<\/p>\n<p><span>For best results, organizations should follow some best practices when selecting and working with OMS service providers. First of all, it is important to select a service provider with proven experience and expertise in the respective industry or technology. Close communication and cooperation between the service provider and the customer is crucial to set clear expectations and goals. A well-defined service level agreement (SLA) helps clarify the performance metrics and responsibilities of both parties. In addition, regular reviews and audits should be carried out to ensure the quality of the services provided and to enable continuous improvements.<\/span><\/p>\n<p>[\/et_pb_accordion_item][et_pb_accordion_item title=&#8220;Zuk\u00fcnftige Entwicklungen und Herausforderungen:&#8220; _builder_version=&#8220;4.21.0&#8243; _module_preset=&#8220;default&#8220; custom_margin=&#8220;30px||30px||true|false&#8220; global_colors_info=&#8220;{}&#8220; open=&#8220;off&#8220;]<\/p>\n<p><span>With the increasing digitalization and growth of cloud computing and artificial intelligence, the area of operations managed services will continue to gain in importance in the future. Companies will increasingly rely on external service providers to manage complex IT infrastructures and provide innovative solutions. At the same time, challenges such as data protection and security, compliance requirements and the integration of new technologies will also have to be overcome. OMS service providers must continuously evolve and keep their know-how up-to-date in order to meet these requirements.<\/span><\/p>\n<p>[\/et_pb_accordion_item][\/et_pb_accordion][\/et_pb_column][\/et_pb_row][et_pb_row _builder_version=&#8220;4.21.0&#8243; _module_preset=&#8220;default&#8220; global_colors_info=&#8220;{}&#8220;][et_pb_column type=&#8220;4_4&#8243; _builder_version=&#8220;4.21.0&#8243; _module_preset=&#8220;default&#8220; global_colors_info=&#8220;{}&#8220;][et_pb_text _builder_version=&#8220;4.21.0&#8243; _module_preset=&#8220;default&#8220; text_line_height=&#8220;1.8em&#8220; max_width=&#8220;800px&#8220; global_colors_info=&#8220;{}&#8220;]<\/p>\n<p><span>Conclusion: Operations Managed Services offer companies an effective way to optimize IT operations and focus on their core competencies. By outsourcing routine tasks to specialized service providers, companies can increase efficiency, minimize risks and benefit from increased flexibility. Careful selection of the service provider and close cooperation are crucial to achieve optimal results. With the increasing importance of IT in the business world, operations managed services will play an increasingly important role in the future. ECHO Datacenter GmbH will be happy to assist you.<\/span><\/p>\n<p>[\/et_pb_text][\/et_pb_column][\/et_pb_row][et_pb_row _builder_version=&#8220;4.16&#8243; _module_preset=&#8220;default&#8220; global_colors_info=&#8220;{}&#8220;][et_pb_column type=&#8220;4_4&#8243; _builder_version=&#8220;4.16&#8243; _module_preset=&#8220;default&#8220; global_colors_info=&#8220;{}&#8220;][et_pb_text _builder_version=&#8220;4.16&#8243; _module_preset=&#8220;default&#8220; global_colors_info=&#8220;{}&#8220;]<\/p>\n<p>Get in touch with us. We work out an individual solution with you.<\/p>\n<p>[\/et_pb_text][et_pb_button button_url=&#8220;https:\/\/echo-service.eu\/#kontakt&#8220; button_text=&#8220;Kontakt&#8220; button_alignment=&#8220;center&#8220; _builder_version=&#8220;4.16&#8243; _module_preset=&#8220;default&#8220; custom_button=&#8220;on&#8220; button_text_color=&#8220;#003399&#8243; button_bg_color=&#8220;#FFFFFF&#8220; button_border_radius=&#8220;2px&#8220; button_letter_spacing=&#8220;2px&#8220; button_font=&#8220;|||||on|||&#8220; button_use_icon=&#8220;off&#8220; box_shadow_style=&#8220;preset2&#8243; box_shadow_horizontal=&#8220;5px&#8220; box_shadow_vertical=&#8220;5px&#8220; global_colors_info=&#8220;{}&#8220;][\/et_pb_button][\/et_pb_column][\/et_pb_row][\/et_pb_section]<\/p>","protected":false},"excerpt":{"rendered":"<p>bezieht sich auf die Bereitstellung von umfassenden IT-Betriebsdienstleistungen durch spezialisierte Dienstleister. Diese Dienstleister \u00fcbernehmen die Verantwortung f\u00fcr den reibungslosen Betrieb und die \u00dcberwachung der IT-Infrastruktur und Gesch\u00e4ftsprozesse ihrer Kunden.\u00a0In diesem Bericht werden wir uns mit den verschiedenen Aspekten von Operations Managed Services befassen und ihre Bedeutung f\u00fcr Unternehmen analysieren.Operations Managed Services umfassen eine Vielzahl von [&hellip;]<\/p>","protected":false},"author":1,"featured_media":0,"parent":0,"menu_order":0,"comment_status":"closed","ping_status":"closed","template":"","meta":{"_et_pb_use_builder":"on","_et_pb_old_content":"","_et_gb_content_width":"","footnotes":""},"class_list":["post-242648","page","type-page","status-publish","hentry"],"jetpack_sharing_enabled":true,"_links":{"self":[{"href":"https:\/\/echo-service.eu\/en\/wp-json\/wp\/v2\/pages\/242648","targetHints":{"allow":["GET"]}}],"collection":[{"href":"https:\/\/echo-service.eu\/en\/wp-json\/wp\/v2\/pages"}],"about":[{"href":"https:\/\/echo-service.eu\/en\/wp-json\/wp\/v2\/types\/page"}],"author":[{"embeddable":true,"href":"https:\/\/echo-service.eu\/en\/wp-json\/wp\/v2\/users\/1"}],"replies":[{"embeddable":true,"href":"https:\/\/echo-service.eu\/en\/wp-json\/wp\/v2\/comments?post=242648"}],"version-history":[{"count":3,"href":"https:\/\/echo-service.eu\/en\/wp-json\/wp\/v2\/pages\/242648\/revisions"}],"predecessor-version":[{"id":242654,"href":"https:\/\/echo-service.eu\/en\/wp-json\/wp\/v2\/pages\/242648\/revisions\/242654"}],"wp:attachment":[{"href":"https:\/\/echo-service.eu\/en\/wp-json\/wp\/v2\/media?parent=242648"}],"curies":[{"name":"wp","href":"https:\/\/api.w.org\/{rel}","templated":true}]}}