{"id":242680,"date":"2023-06-15T10:38:33","date_gmt":"2023-06-15T10:38:33","guid":{"rendered":"https:\/\/echo-service.eu\/?page_id=242680"},"modified":"2023-06-15T10:41:22","modified_gmt":"2023-06-15T10:41:22","slug":"compliance-risk-managed-services","status":"publish","type":"page","link":"https:\/\/echo-service.eu\/en\/compliance-risk-managed-services\/","title":{"rendered":"COMPLIANCE &amp; RISK MANAGED SERVICES"},"content":{"rendered":"<p>[et_pb_section fb_built=&#8220;1&#8243; fullwidth=&#8220;on&#8220; admin_label=&#8220;Hero Section&#8220; _builder_version=&#8220;4.21.0&#8243; background_color=&#8220;#003399&#8243; background_image=&#8220;https:\/\/echo-service.eu\/wp-content\/uploads\/2022\/05\/server-1235959_1920.jpg&#8220; hover_enabled=&#8220;0&#8243; global_colors_info=&#8220;{}&#8220; title_text=&#8220;server-1235959_1920&#8243; sticky_enabled=&#8220;0&#8243;][et_pb_fullwidth_header title=&#8220;ECHO&#8220; subhead=&#8220;COMPLIANCE &#038; RISK MANAGED SERVICES&#8220; text_orientation=&#8220;center&#8220; background_overlay_color=&#8220;rgba(0,0,0,0.8)&#8220; content_max_width=&#8220;550px&#8220; _builder_version=&#8220;4.21.0&#8243; title_font=&#8220;|||on|||||&#8220; title_text_color=&#8220;#FFCC33&#8243; title_font_size=&#8220;16px&#8220; title_letter_spacing=&#8220;2px&#8220; title_line_height=&#8220;1.4em&#8220; content_font=&#8220;|||on|||||&#8220; content_letter_spacing=&#8220;2px&#8220; content_line_height=&#8220;2em&#8220; subhead_font=&#8220;|||on|||||&#8220; subhead_font_size=&#8220;24px&#8220; subhead_letter_spacing=&#8220;2px&#8220; subhead_line_height=&#8220;1.8em&#8220; background_color=&#8220;rgba(255, 255, 255, 0)&#8220; background_image=&#8220;https:\/\/echo-service.eu\/wp-content\/uploads\/2021\/11\/consultant-11.jpg&#8220; parallax=&#8220;on&#8220; parallax_method=&#8220;on&#8220; custom_button_one=&#8220;on&#8220; button_one_border_width=&#8220;1px&#8220; button_one_border_color=&#8220;rgba(255,255,255,0.3)&#8220; button_one_border_radius=&#8220;0px&#8220; button_one_letter_spacing=&#8220;1px&#8220; button_one_font=&#8220;Saira Extra Condensed|600||on|||||&#8220; button_one_icon=&#8220;&#x24;||divi||400&#8243; button_one_icon_color=&#8220;#edbb5f&#8220; custom_button_two=&#8220;on&#8220; button_two_border_width=&#8220;1px&#8220; button_two_border_color=&#8220;rgba(255,255,255,0.3)&#8220; button_two_border_radius=&#8220;0px&#8220; button_two_letter_spacing=&#8220;1px&#8220; button_two_font=&#8220;Saira Extra Condensed|600||on|||||&#8220; button_two_icon=&#8220;&#x24;||divi||400&#8243; button_two_icon_color=&#8220;#edbb5f&#8220; module_alignment=&#8220;right&#8220; custom_margin=&#8220;|||&#8220; custom_padding=&#8220;0.2%||96px|||&#8220; custom_padding_tablet=&#8220;8%||130px||false|false&#8220; custom_padding_phone=&#8220;||80px||false|false&#8220; custom_padding_last_edited=&#8220;on|phone&#8220; button_one_text_color_hover=&#8220;#edbb5f&#8220; button_two_text_color_hover=&#8220;#edbb5f&#8220; button_one_bg_color_hover=&#8220;rgba(0,0,0,0)&#8220; button_two_bg_color_hover=&#8220;rgba(0,0,0,0)&#8220; global_colors_info=&#8220;{}&#8220; button_one_text_size__hover_enabled=&#8220;off&#8220; button_two_text_size__hover_enabled=&#8220;off&#8220; button_one_text_color__hover_enabled=&#8220;on&#8220; button_one_text_color__hover=&#8220;#edbb5f&#8220; button_two_text_color__hover_enabled=&#8220;on&#8220; button_two_text_color__hover=&#8220;#edbb5f&#8220; button_one_border_width__hover_enabled=&#8220;off&#8220; button_two_border_width__hover_enabled=&#8220;off&#8220; button_one_border_color__hover_enabled=&#8220;off&#8220; button_two_border_color__hover_enabled=&#8220;off&#8220; button_one_border_radius__hover_enabled=&#8220;off&#8220; button_two_border_radius__hover_enabled=&#8220;off&#8220; button_one_letter_spacing__hover_enabled=&#8220;off&#8220; button_two_letter_spacing__hover_enabled=&#8220;off&#8220; button_one_bg_color__hover_enabled=&#8220;on&#8220; button_one_bg_color__hover=&#8220;rgba(0,0,0,0)&#8220; button_two_bg_color__hover_enabled=&#8220;on&#8220; button_two_bg_color__hover=&#8220;rgba(0,0,0,0)&#8220;]<\/p>\n<div>\n<p>Increase compliance and mitigate risk with our best-in-class Compliance &amp; Risk Managed Services!<o:p><\/o:p><\/p>\n<\/div>\n<p>[\/et_pb_fullwidth_header][\/et_pb_section][et_pb_section fb_built=&#8220;1&#8243; admin_label=&#8220;Attributes&#8220; _builder_version=&#8220;4.21.0&#8243; custom_margin=&#8220;|||&#8220; custom_padding=&#8220;0px|0px|100px|0px&#8220; global_colors_info=&#8220;{}&#8220;][et_pb_row use_custom_gutter=&#8220;on&#8220; gutter_width=&#8220;1&#8243; _builder_version=&#8220;4.16&#8243; background_color=&#8220;#ffffff&#8220; max_width=&#8220;1440px&#8220; custom_margin=&#8220;|||&#8220; custom_padding=&#8220;27px|0px|0px|0px&#8220; box_shadow_style=&#8220;preset3&#8243; box_shadow_vertical=&#8220;15px&#8220; box_shadow_blur=&#8220;80px&#8220; box_shadow_color=&#8220;rgba(0,0,0,0.15)&#8220; use_custom_width=&#8220;on&#8220; custom_width_px=&#8220;1440px&#8220; global_colors_info=&#8220;{}&#8220;][et_pb_column type=&#8220;4_4&#8243; _builder_version=&#8220;4.16&#8243; custom_padding=&#8220;|||&#8220; global_colors_info=&#8220;{}&#8220; custom_padding__hover=&#8220;|||&#8220;][et_pb_text _builder_version=&#8220;4.21.0&#8243; text_font=&#8220;||||||||&#8220; text_letter_spacing=&#8220;2px&#8220; text_line_height=&#8220;2em&#8220; header_font=&#8220;|||on|||||&#8220; header_font_size=&#8220;24px&#8220; header_3_font=&#8220;|600||on|||||&#8220; header_3_line_height=&#8220;1.4em&#8220; background_color=&#8220;#ffffff&#8220; max_width=&#8220;992px&#8220; min_height=&#8220;215px&#8220; custom_margin=&#8220;-100px||||false|false&#8220; custom_padding=&#8220;26px|40px|60px|39px|false|false&#8220; custom_padding_tablet=&#8220;30px|30px|30px|30px|true|true&#8220; custom_padding_phone=&#8220;20px|20px|20px|20px|true|true&#8220; custom_padding_last_edited=&#8220;on|phone&#8220; border_color_all=&#8220;rgba(51,51,51,0.06)&#8220; border_width_right=&#8220;1px&#8220; border_width_left=&#8220;1px&#8220; locked=&#8220;off&#8220; global_colors_info=&#8220;{}&#8220;]<\/p>\n<div>\n<p>In today's highly regulated business world, regulatory compliance and effective risk management is critical to the success of your business. But how can you ensure you're always up-to-date with compliance requirements and proactively identify potential risks?<o:p><\/o:p><\/p>\n<\/div>\n<div>\n<p>Our Compliance &amp; Risk Managed Services are the solution you are looking for! We offer you tailor-made services to meet your compliance obligations and take your risk management to the next level.<o:p><\/o:p><\/p>\n<\/div>\n<div>\n<p>With our team of experts at your side, you benefit from extensive expertise and years of experience in the areas of compliance and risk management. We know the latest regulations, industry standards, and best practices to keep your business on track.<o:p><\/o:p><\/p>\n<\/div>\n<p>[\/et_pb_text][et_pb_accordion _builder_version=&#8220;4.21.0&#8243; _module_preset=&#8220;default&#8220; background_color=&#8220;RGBA(255,255,255,0)&#8220; min_height=&#8220;333px&#8220; custom_margin=&#8220;-59px||||false|false&#8220; box_shadow_style=&#8220;preset3&#8243; global_colors_info=&#8220;{}&#8220;][et_pb_accordion_item title=&#8220;Compliance-\u00dcberwachung und -Berichterstattung:&#8220; open=&#8220;on&#8220; _builder_version=&#8220;4.21.0&#8243; _module_preset=&#8220;default&#8220; custom_margin=&#8220;30px||30px||true|false&#8220; global_colors_info=&#8220;{}&#8220;]<\/p>\n<div><span>Let us take on the complex task of monitoring and adhering to compliance requirements. We keep an eye on your activities, identify potential risks and prepare detailed reports for your company management and supervisory authorities.<\/span><\/div>\n<div><\/div>\n<p>[\/et_pb_accordion_item][et_pb_accordion_item title=&#8220;Risikobewertung und -management: &#8220; _builder_version=&#8220;4.21.0&#8243; _module_preset=&#8220;default&#8220; custom_margin=&#8220;30px||30px||true|false&#8220; global_colors_info=&#8220;{}&#8220; open=&#8220;off&#8220;]<\/p>\n<div><span>Rely on our expertise to assess your risks and develop effective risk management strategies. We help you implement controls and monitoring mechanisms to protect your business interests.<\/span><\/div>\n<h2><\/h2>\n<p>[\/et_pb_accordion_item][et_pb_accordion_item title=&#8220;Schulung und Awareness: &#8220; _builder_version=&#8220;4.21.0&#8243; _module_preset=&#8220;default&#8220; custom_margin=&#8220;30px||30px||true|false&#8220; global_colors_info=&#8220;{}&#8220; open=&#8220;off&#8220;]<\/p>\n<div><span>Get your team up to speed on compliance requirements and risk management practices. Our training and education programs provide your employees with the knowledge and awareness they need to identify and report risks.<\/span><\/div>\n<p>[\/et_pb_accordion_item][et_pb_accordion_item title=&#8220;Untersuchungen und Forensik:&#8220; _builder_version=&#8220;4.21.0&#8243; _module_preset=&#8220;default&#8220; custom_margin=&#8220;30px||30px||true|false&#8220; global_colors_info=&#8220;{}&#8220; open=&#8220;off&#8220;]<\/p>\n<div><span>In the event of compliance violations or suspicious activity, we are here to help. Our experts conduct thorough investigations, gather evidence and help you mitigate the damage.<\/span><\/div>\n<p>[\/et_pb_accordion_item][\/et_pb_accordion][et_pb_text _builder_version=&#8220;4.21.0&#8243; _module_preset=&#8220;default&#8220; global_colors_info=&#8220;{}&#8220;]<\/p>\n<div>\n<p>Why should you choose us?<o:p><\/o:p><\/p>\n<\/div>\n<p>[\/et_pb_text][et_pb_accordion _builder_version=&#8220;4.21.0&#8243; _module_preset=&#8220;default&#8220; background_color=&#8220;RGBA(255,255,255,0)&#8220; min_height=&#8220;333px&#8220; custom_margin=&#8220;31px||||false|false&#8220; box_shadow_style=&#8220;preset3&#8243; global_colors_info=&#8220;{}&#8220;][et_pb_accordion_item title=&#8220;Unsere L\u00f6sungen&#8220; open=&#8220;on&#8220; _builder_version=&#8220;4.21.0&#8243; _module_preset=&#8220;default&#8220; custom_margin=&#8220;30px||30px||true|false&#8220; global_colors_info=&#8220;{}&#8220;]<\/p>\n<div>\n<p>Our solutions are highly modular and coordinated. You can choose between individual modules and change or expand them as you wish.<\/p>\n<\/div>\n<div><\/div>\n<p>[\/et_pb_accordion_item][et_pb_accordion_item title=&#8220;Fachwissen und Expertise: &#8220; _builder_version=&#8220;4.21.0&#8243; _module_preset=&#8220;default&#8220; custom_margin=&#8220;30px||30px||true|false&#8220; global_colors_info=&#8220;{}&#8220; open=&#8220;off&#8220;]<\/p>\n<div>\n<p>Benefit from our extensive expertise and experience in the area of compliance and risk management.<\/p>\n<\/div>\n<h2><\/h2>\n<p>[\/et_pb_accordion_item][et_pb_accordion_item title=&#8220;Zeitersparnis und Effizienz: &#8220; _builder_version=&#8220;4.21.0&#8243; _module_preset=&#8220;default&#8220; custom_margin=&#8220;30px||30px||true|false&#8220; global_colors_info=&#8220;{}&#8220; open=&#8220;off&#8220;]<\/p>\n<div><span>By outsourcing your compliance and risk management functions, you can focus on your core business and free up internal resources.<\/span><\/div>\n<p>[\/et_pb_accordion_item][et_pb_accordion_item title=&#8220;Risikoreduzierung:&#8220; _builder_version=&#8220;4.21.0&#8243; _module_preset=&#8220;default&#8220; custom_margin=&#8220;30px||30px||true|false&#8220; global_colors_info=&#8220;{}&#8220; open=&#8220;off&#8220;]<\/p>\n<div><span>Our tailor-made solutions minimize your risks and protect your company from financial losses and reputational damage.<\/span><\/div>\n<p>[\/et_pb_accordion_item][et_pb_accordion_item title=&#8220;Aktualit\u00e4t und Anpassungsf\u00e4higkeit: &#8220; _builder_version=&#8220;4.21.0&#8243; _module_preset=&#8220;default&#8220; custom_margin=&#8220;30px||30px||true|false&#8220; global_colors_info=&#8220;{}&#8220; open=&#8220;off&#8220;]<\/p>\n<div><span>We always keep up to date with the latest regulations and changes in order to provide you with a timely and adapted compliance and risk management strategy.<\/span><\/div>\n<p>[\/et_pb_accordion_item][\/et_pb_accordion][\/et_pb_column][\/et_pb_row][et_pb_row _builder_version=&#8220;4.21.0&#8243; _module_preset=&#8220;default&#8220; global_colors_info=&#8220;{}&#8220;][et_pb_column type=&#8220;4_4&#8243; _builder_version=&#8220;4.21.0&#8243; _module_preset=&#8220;default&#8220; global_colors_info=&#8220;{}&#8220;][et_pb_text _builder_version=&#8220;4.21.0&#8243; _module_preset=&#8220;default&#8220; text_line_height=&#8220;1.8em&#8220; max_width=&#8220;800px&#8220; global_colors_info=&#8220;{}&#8220;]<\/p>\n<div>\n<p>Don't miss the chance to strengthen your compliance and minimize risks. Contact us today and let's work together to find the right ECHO Datacenter Compliance &amp; Risk Managed Services solution for your business!<o:p><\/o:p><\/p>\n<\/div>\n<p>[\/et_pb_text][\/et_pb_column][\/et_pb_row][et_pb_row _builder_version=&#8220;4.16&#8243; _module_preset=&#8220;default&#8220; global_colors_info=&#8220;{}&#8220;][et_pb_column type=&#8220;4_4&#8243; _builder_version=&#8220;4.16&#8243; _module_preset=&#8220;default&#8220; global_colors_info=&#8220;{}&#8220;][et_pb_text _builder_version=&#8220;4.16&#8243; _module_preset=&#8220;default&#8220; global_colors_info=&#8220;{}&#8220;]<\/p>\n<p>Get in touch with us. We work out an individual solution with you.<\/p>\n<p>[\/et_pb_text][et_pb_button button_url=&#8220;https:\/\/echo-service.eu\/#kontakt&#8220; button_text=&#8220;Kontakt&#8220; button_alignment=&#8220;center&#8220; _builder_version=&#8220;4.16&#8243; _module_preset=&#8220;default&#8220; custom_button=&#8220;on&#8220; button_text_color=&#8220;#003399&#8243; button_bg_color=&#8220;#FFFFFF&#8220; button_border_radius=&#8220;2px&#8220; button_letter_spacing=&#8220;2px&#8220; button_font=&#8220;|||||on|||&#8220; button_use_icon=&#8220;off&#8220; box_shadow_style=&#8220;preset2&#8243; box_shadow_horizontal=&#8220;5px&#8220; box_shadow_vertical=&#8220;5px&#8220; global_colors_info=&#8220;{}&#8220;][\/et_pb_button][\/et_pb_column][\/et_pb_row][\/et_pb_section]<\/p>","protected":false},"excerpt":{"rendered":"<p>Steigern Sie die Compliance und minimieren Sie Risiken mit unseren erstklassigen Compliance &amp; Risk Managed Services! In der heutigen streng regulierten Gesch\u00e4ftswelt ist die Einhaltung von Vorschriften und das effektive Risikomanagement entscheidend f\u00fcr den Erfolg Ihres Unternehmens. Aber wie k\u00f6nnen Sie sicherstellen, dass Sie immer auf dem neuesten Stand der Compliance-Anforderungen sind und potenzielle Risiken [&hellip;]<\/p>","protected":false},"author":1,"featured_media":0,"parent":0,"menu_order":0,"comment_status":"closed","ping_status":"closed","template":"","meta":{"_et_pb_use_builder":"on","_et_pb_old_content":"","_et_gb_content_width":"","footnotes":""},"class_list":["post-242680","page","type-page","status-publish","hentry"],"jetpack_sharing_enabled":true,"_links":{"self":[{"href":"https:\/\/echo-service.eu\/en\/wp-json\/wp\/v2\/pages\/242680","targetHints":{"allow":["GET"]}}],"collection":[{"href":"https:\/\/echo-service.eu\/en\/wp-json\/wp\/v2\/pages"}],"about":[{"href":"https:\/\/echo-service.eu\/en\/wp-json\/wp\/v2\/types\/page"}],"author":[{"embeddable":true,"href":"https:\/\/echo-service.eu\/en\/wp-json\/wp\/v2\/users\/1"}],"replies":[{"embeddable":true,"href":"https:\/\/echo-service.eu\/en\/wp-json\/wp\/v2\/comments?post=242680"}],"version-history":[{"count":4,"href":"https:\/\/echo-service.eu\/en\/wp-json\/wp\/v2\/pages\/242680\/revisions"}],"predecessor-version":[{"id":242687,"href":"https:\/\/echo-service.eu\/en\/wp-json\/wp\/v2\/pages\/242680\/revisions\/242687"}],"wp:attachment":[{"href":"https:\/\/echo-service.eu\/en\/wp-json\/wp\/v2\/media?parent=242680"}],"curies":[{"name":"wp","href":"https:\/\/api.w.org\/{rel}","templated":true}]}}