{"id":243028,"date":"2023-07-20T20:24:16","date_gmt":"2023-07-20T20:24:16","guid":{"rendered":"https:\/\/echo-service.eu\/?page_id=243028"},"modified":"2023-07-21T10:58:50","modified_gmt":"2023-07-21T10:58:50","slug":"managed-service","status":"publish","type":"page","link":"https:\/\/echo-service.eu\/en\/managed-service\/","title":{"rendered":"Managed Service"},"content":{"rendered":"<p>[et_pb_section fb_built=&#8220;1&#8243; fullwidth=&#8220;on&#8220; admin_label=&#8220;Hero Section&#8220; _builder_version=&#8220;4.21.0&#8243; background_color=&#8220;#003399&#8243; global_colors_info=&#8220;{}&#8220;][et_pb_fullwidth_header title=&#8220;ECHO Datacenter&#8220; subhead=&#8220;Managed Service&#8220; text_orientation=&#8220;center&#8220; background_overlay_color=&#8220;rgba(0,0,0,0.8)&#8220; content_max_width=&#8220;550px&#8220; _builder_version=&#8220;4.21.0&#8243; title_font=&#8220;|||on|||||&#8220; title_text_color=&#8220;#FFCC33&#8243; title_font_size=&#8220;16px&#8220; title_letter_spacing=&#8220;2px&#8220; title_line_height=&#8220;1.4em&#8220; content_font=&#8220;|||on|||||&#8220; content_letter_spacing=&#8220;2px&#8220; content_line_height=&#8220;2em&#8220; subhead_font=&#8220;|||on|||||&#8220; subhead_font_size=&#8220;24px&#8220; subhead_letter_spacing=&#8220;2px&#8220; subhead_line_height=&#8220;1.8em&#8220; background_color=&#8220;rgba(255, 255, 255, 0)&#8220; background_image=&#8220;https:\/\/echo-service.eu\/wp-content\/uploads\/2021\/11\/consultant-11.jpg&#8220; parallax=&#8220;on&#8220; parallax_method=&#8220;on&#8220; custom_button_one=&#8220;on&#8220; button_one_border_width=&#8220;1px&#8220; button_one_border_color=&#8220;rgba(255,255,255,0.3)&#8220; button_one_border_radius=&#8220;0px&#8220; button_one_letter_spacing=&#8220;1px&#8220; button_one_font=&#8220;Saira Extra Condensed|600||on|||||&#8220; button_one_icon=&#8220;&#x24;||divi||400&#8243; button_one_icon_color=&#8220;#edbb5f&#8220; custom_button_two=&#8220;on&#8220; button_two_border_width=&#8220;1px&#8220; button_two_border_color=&#8220;rgba(255,255,255,0.3)&#8220; button_two_border_radius=&#8220;0px&#8220; button_two_letter_spacing=&#8220;1px&#8220; button_two_font=&#8220;Saira Extra Condensed|600||on|||||&#8220; button_two_icon=&#8220;&#x24;||divi||400&#8243; button_two_icon_color=&#8220;#edbb5f&#8220; module_alignment=&#8220;right&#8220; custom_margin=&#8220;|||&#8220; custom_padding=&#8220;0.2%||96px|||&#8220; custom_padding_tablet=&#8220;8%||130px||false|false&#8220; custom_padding_phone=&#8220;||80px||false|false&#8220; custom_padding_last_edited=&#8220;on|phone&#8220; button_one_text_color_hover=&#8220;#edbb5f&#8220; button_two_text_color_hover=&#8220;#edbb5f&#8220; button_one_bg_color_hover=&#8220;rgba(0,0,0,0)&#8220; button_two_bg_color_hover=&#8220;rgba(0,0,0,0)&#8220; global_colors_info=&#8220;{}&#8220; button_one_text_size__hover_enabled=&#8220;off&#8220; button_two_text_size__hover_enabled=&#8220;off&#8220; button_one_text_color__hover_enabled=&#8220;on&#8220; button_one_text_color__hover=&#8220;#edbb5f&#8220; button_two_text_color__hover_enabled=&#8220;on&#8220; button_two_text_color__hover=&#8220;#edbb5f&#8220; button_one_border_width__hover_enabled=&#8220;off&#8220; button_two_border_width__hover_enabled=&#8220;off&#8220; button_one_border_color__hover_enabled=&#8220;off&#8220; button_two_border_color__hover_enabled=&#8220;off&#8220; button_one_border_radius__hover_enabled=&#8220;off&#8220; button_two_border_radius__hover_enabled=&#8220;off&#8220; button_one_letter_spacing__hover_enabled=&#8220;off&#8220; button_two_letter_spacing__hover_enabled=&#8220;off&#8220; button_one_bg_color__hover_enabled=&#8220;on&#8220; button_one_bg_color__hover=&#8220;rgba(0,0,0,0)&#8220; button_two_bg_color__hover_enabled=&#8220;on&#8220; button_two_bg_color__hover=&#8220;rgba(0,0,0,0)&#8220;]<\/p>\n<p>by ECHO<\/p>\n<p>[\/et_pb_fullwidth_header][\/et_pb_section][et_pb_section fb_built=&#8220;1&#8243; admin_label=&#8220;Attributes&#8220; _builder_version=&#8220;4.16&#8243; custom_margin=&#8220;|||&#8220; custom_padding=&#8220;0px|0px|100px|0px&#8220; global_colors_info=&#8220;{}&#8220;][et_pb_row _builder_version=&#8220;4.16&#8243; background_enable_color=&#8220;off&#8220; min_height=&#8220;131px&#8220; custom_margin=&#8220;3px|auto||auto|false|false&#8220; use_custom_width=&#8220;on&#8220; custom_width_px=&#8220;1440px&#8220; global_colors_info=&#8220;{}&#8220;][et_pb_column type=&#8220;4_4&#8243; _builder_version=&#8220;4.16&#8243; custom_padding=&#8220;|||&#8220; border_style_all=&#8220;none&#8220; global_colors_info=&#8220;{}&#8220; custom_padding__hover=&#8220;|||&#8220;][et_pb_text _builder_version=&#8220;4.16&#8243; text_font=&#8220;||||||||&#8220; text_letter_spacing=&#8220;2px&#8220; text_line_height=&#8220;2em&#8220; header_font=&#8220;|||on|||||&#8220; header_font_size=&#8220;24px&#8220; header_3_font=&#8220;|600||on|||||&#8220; header_3_line_height=&#8220;1.4em&#8220; background_color=&#8220;#ffffff&#8220; max_width=&#8220;992px&#8220; min_height=&#8220;251px&#8220; custom_margin=&#8220;-100px||-79px||false|false&#8220; custom_padding=&#8220;40px|40px|40px|39px|false|false&#8220; custom_padding_tablet=&#8220;30px|30px|30px|30px|true|true&#8220; custom_padding_phone=&#8220;20px|20px|20px|20px|true|true&#8220; custom_padding_last_edited=&#8220;on|phone&#8220; border_color_all=&#8220;rgba(51,51,51,0.06)&#8220; border_width_right=&#8220;1px&#8220; border_width_left=&#8220;1px&#8220; locked=&#8220;off&#8220; global_colors_info=&#8220;{}&#8220;]<\/p>\n<p class=\"translation-block\">ECHO offers you managed services that are individually tailored to your needs<\/p>\n<p>[\/et_pb_text][\/et_pb_column][\/et_pb_row][et_pb_row column_structure=&#8220;1_3,1_3,1_3&#8243; make_equal=&#8220;on&#8220; _builder_version=&#8220;4.21.0&#8243; _module_preset=&#8220;default&#8220; background_enable_color=&#8220;off&#8220; min_height=&#8220;131px&#8220; custom_margin=&#8220;-100px|auto||auto|false|false&#8220; global_colors_info=&#8220;{}&#8220;][et_pb_column type=&#8220;1_3&#8243; _builder_version=&#8220;4.21.0&#8243; _dynamic_attributes=&#8220;link_option_url&#8220; _module_preset=&#8220;default&#8220; background_color=&#8220;#f4f4f4&#8243; custom_padding=&#8220;10px|10px|10px|10px|true|true&#8220; link_option_url=&#8220;@ET-DC@eyJkeW5hbWljIjp0cnVlLCJjb250ZW50IjoicG9zdF9saW5rX3VybF9wYWdlIiwic2V0dGluZ3MiOnsicG9zdF9pZCI6IjI0Mjk1NyJ9fQ==@&#8220; border_width_all=&#8220;1px&#8220; border_color_all=&#8220;#003399&#8243; box_shadow_style=&#8220;preset2&#8243; box_shadow_spread=&#8220;-7px&#8220; global_colors_info=&#8220;{}&#8220;][et_pb_text _builder_version=&#8220;4.21.0&#8243; _module_preset=&#8220;default&#8220; text_text_color=&#8220;#003399&#8243; text_font_size=&#8220;18px&#8220; background_color=&#8220;RGBA(255,255,255,0)&#8220; custom_margin=&#8220;-10px|-6px|20px|-6px|false|true&#8220; custom_padding=&#8220;20px|0px|20px|0px|true|true&#8220; border_width_bottom=&#8220;2px&#8220; border_color_bottom=&#8220;#E09900&#8243; global_colors_info=&#8220;{}&#8220;]<\/p>\n<p>SOC<\/p>\n<p>[\/et_pb_text][et_pb_text _builder_version=&#8220;4.21.0&#8243; _module_preset=&#8220;default&#8220; global_colors_info=&#8220;{}&#8220;]<\/p>\n<div class=\"flipCard-body\">\n<div class=\"flipCard-front\">\n<p><span>A security operations center (SOC) is a specialized unit or department responsible for monitoring, analyzing, and responding to security incidents and threats in an organization. The SOC plays a crucial role in ensuring IT security and protecting information and systems from cyberattacks.<\/span><\/p>\n<\/div>\n<\/div>\n<p>[\/et_pb_text][\/et_pb_column][et_pb_column type=&#8220;1_3&#8243; _builder_version=&#8220;4.21.0&#8243; _dynamic_attributes=&#8220;link_option_url&#8220; _module_preset=&#8220;default&#8220; background_color=&#8220;#f4f4f4&#8243; custom_padding=&#8220;10px|10px|10px|10px|true|true&#8220; link_option_url=&#8220;@ET-DC@eyJkeW5hbWljIjp0cnVlLCJjb250ZW50IjoicG9zdF9saW5rX3VybF9wYWdlIiwic2V0dGluZ3MiOnsicG9zdF9pZCI6IjI0Mjk2MSJ9fQ==@&#8220; border_width_all=&#8220;1px&#8220; border_color_all=&#8220;#003399&#8243; box_shadow_style=&#8220;preset2&#8243; box_shadow_spread=&#8220;-7px&#8220; global_colors_info=&#8220;{}&#8220;][et_pb_text _builder_version=&#8220;4.21.0&#8243; _module_preset=&#8220;default&#8220; text_text_color=&#8220;#003399&#8243; text_font_size=&#8220;18px&#8220; background_color=&#8220;RGBA(255,255,255,0)&#8220; custom_margin=&#8220;-10px|-6px|20px|-6px|false|true&#8220; custom_padding=&#8220;20px|0px|20px|0px|true|true&#8220; border_width_bottom=&#8220;2px&#8220; border_color_bottom=&#8220;#E09900&#8243; global_colors_info=&#8220;{}&#8220;]<\/p>\n<p>SSL VPL<\/p>\n<p>[\/et_pb_text][et_pb_text _builder_version=&#8220;4.21.0&#8243; _module_preset=&#8220;default&#8220; global_colors_info=&#8220;{}&#8220;]<\/p>\n<div class=\"flipCard-body\">\n<div class=\"flipCard-front\">\n<p><span>SSL VPN stands for Secure Sockets Layer Virtual Private Network. It is a technology that allows users to access a private corporate network through an encrypted connection by establishing a secure connection over the Internet. SSL VPN provides a secure way for remote users to access corporate resources without being physically present in the office.<\/span><\/p>\n<\/div>\n<\/div>\n<p>[\/et_pb_text][\/et_pb_column][et_pb_column type=&#8220;1_3&#8243; _builder_version=&#8220;4.21.0&#8243; _dynamic_attributes=&#8220;link_option_url&#8220; _module_preset=&#8220;default&#8220; background_color=&#8220;#f4f4f4&#8243; custom_padding=&#8220;10px|10px|10px|10px|true|true&#8220; link_option_url=&#8220;@ET-DC@eyJkeW5hbWljIjp0cnVlLCJjb250ZW50IjoicG9zdF9saW5rX3VybF9wYWdlIiwic2V0dGluZ3MiOnsicG9zdF9pZCI6IjI0Mjk2NiJ9fQ==@&#8220; border_width_all=&#8220;1px&#8220; border_color_all=&#8220;#003399&#8243; box_shadow_style=&#8220;preset2&#8243; box_shadow_spread=&#8220;-7px&#8220; global_colors_info=&#8220;{}&#8220;][et_pb_text _builder_version=&#8220;4.21.0&#8243; _module_preset=&#8220;default&#8220; text_text_color=&#8220;#003399&#8243; text_font_size=&#8220;18px&#8220; background_color=&#8220;RGBA(255,255,255,0)&#8220; custom_margin=&#8220;-10px|-6px|20px|-6px|false|true&#8220; custom_padding=&#8220;20px|0px|20px|0px|true|true&#8220; border_width_bottom=&#8220;2px&#8220; border_color_bottom=&#8220;#E09900&#8243; global_colors_info=&#8220;{}&#8220;]<\/p>\n<p>SIEM<\/p>\n<p>[\/et_pb_text][et_pb_text _builder_version=&#8220;4.21.0&#8243; _module_preset=&#8220;default&#8220; global_colors_info=&#8220;{}&#8220;]<\/p>\n<div class=\"flipCard-body\">\n<div class=\"flipCard-front\">\n<p><span>SIEM stands for Security Information and Event Management. It is a software solution specifically designed to monitor, analyze, and manage security events and information on a network. SIEM combines security monitoring, event correlation, log management, and forensic analysis capabilities to provide comprehensive security management.<\/span><\/p>\n<\/div>\n<\/div>\n<p>[\/et_pb_text][\/et_pb_column][\/et_pb_row][et_pb_row column_structure=&#8220;1_3,1_3,1_3&#8243; make_equal=&#8220;on&#8220; _builder_version=&#8220;4.21.0&#8243; _module_preset=&#8220;default&#8220; background_enable_color=&#8220;off&#8220; min_height=&#8220;131px&#8220; custom_margin=&#8220;2px|auto||auto|false|false&#8220; global_colors_info=&#8220;{}&#8220;][et_pb_column type=&#8220;1_3&#8243; _builder_version=&#8220;4.21.0&#8243; _dynamic_attributes=&#8220;link_option_url&#8220; _module_preset=&#8220;default&#8220; background_color=&#8220;#f4f4f4&#8243; custom_padding=&#8220;10px|10px|10px|10px|true|true&#8220; link_option_url=&#8220;@ET-DC@eyJkeW5hbWljIjp0cnVlLCJjb250ZW50IjoicG9zdF9saW5rX3VybF9wYWdlIiwic2V0dGluZ3MiOnsicG9zdF9pZCI6IjI0Mjk3MSJ9fQ==@&#8220; border_width_all=&#8220;1px&#8220; border_color_all=&#8220;#003399&#8243; box_shadow_style=&#8220;preset2&#8243; box_shadow_spread=&#8220;-7px&#8220; global_colors_info=&#8220;{}&#8220;][et_pb_text _builder_version=&#8220;4.21.0&#8243; _module_preset=&#8220;default&#8220; text_text_color=&#8220;#003399&#8243; text_font_size=&#8220;18px&#8220; background_color=&#8220;RGBA(255,255,255,0)&#8220; custom_margin=&#8220;-10px|-6px|20px|-6px|false|true&#8220; custom_padding=&#8220;20px|0px|20px|0px|true|true&#8220; border_width_bottom=&#8220;2px&#8220; border_color_bottom=&#8220;#E09900&#8243; global_colors_info=&#8220;{}&#8220;]<\/p>\n<p>DDoS Protection<\/p>\n<p>[\/et_pb_text][et_pb_text _builder_version=&#8220;4.21.0&#8243; _module_preset=&#8220;default&#8220; global_colors_info=&#8220;{}&#8220;]<\/p>\n<div class=\"flipCard-body\">\n<div class=\"flipCard-front\">\n<p><span>Distributed Denial of Service (DDoS) protection refers to measures and technologies designed to protect organizations from DDoS attacks. In a DDoS attack, a large number of requests or traffic are directed to a target network or website to overload resources and disrupt normal operations.<\/span><\/p>\n<\/div>\n<\/div>\n<p>[\/et_pb_text][\/et_pb_column][et_pb_column type=&#8220;1_3&#8243; _builder_version=&#8220;4.21.0&#8243; _dynamic_attributes=&#8220;link_option_url&#8220; _module_preset=&#8220;default&#8220; background_color=&#8220;#f4f4f4&#8243; custom_padding=&#8220;10px|10px|10px|10px|true|true&#8220; link_option_url=&#8220;@ET-DC@eyJkeW5hbWljIjp0cnVlLCJjb250ZW50IjoicG9zdF9saW5rX3VybF9wYWdlIiwic2V0dGluZ3MiOnsicG9zdF9pZCI6IjI0Mjk3NiJ9fQ==@&#8220; border_width_all=&#8220;1px&#8220; border_color_all=&#8220;#003399&#8243; box_shadow_style=&#8220;preset2&#8243; box_shadow_spread=&#8220;-7px&#8220; global_colors_info=&#8220;{}&#8220;][et_pb_text _builder_version=&#8220;4.21.0&#8243; _module_preset=&#8220;default&#8220; text_text_color=&#8220;#003399&#8243; text_font_size=&#8220;18px&#8220; background_color=&#8220;RGBA(255,255,255,0)&#8220; custom_margin=&#8220;-10px|-6px|20px|-6px|false|true&#8220; custom_padding=&#8220;20px|0px|20px|0px|true|true&#8220; border_width_bottom=&#8220;2px&#8220; border_color_bottom=&#8220;#E09900&#8243; global_colors_info=&#8220;{}&#8220;]<\/p>\n<p>Managed Firewall<\/p>\n<p>[\/et_pb_text][et_pb_text _builder_version=&#8220;4.21.0&#8243; _module_preset=&#8220;default&#8220; global_colors_info=&#8220;{}&#8220;]<\/p>\n<div class=\"flipCard-body\">\n<div class=\"flipCard-front\">\n<p><span>A managed firewall is a service in which an external vendor takes over the management and monitoring of a firewall for a company or organization. A firewall is a security mechanism that monitors and regulates traffic between an internal network and external networks to prevent unauthorized access, threats, and attacks.<\/span><\/p>\n<\/div>\n<\/div>\n<p>[\/et_pb_text][\/et_pb_column][et_pb_column type=&#8220;1_3&#8243; _builder_version=&#8220;4.21.0&#8243; _dynamic_attributes=&#8220;link_option_url&#8220; _module_preset=&#8220;default&#8220; background_color=&#8220;#f4f4f4&#8243; custom_padding=&#8220;10px|10px|10px|10px|true|true&#8220; link_option_url=&#8220;@ET-DC@eyJkeW5hbWljIjp0cnVlLCJjb250ZW50IjoicG9zdF9saW5rX3VybF9wYWdlIiwic2V0dGluZ3MiOnsicG9zdF9pZCI6IjI0Mjk4MCJ9fQ==@&#8220; border_width_all=&#8220;1px&#8220; border_color_all=&#8220;#003399&#8243; box_shadow_style=&#8220;preset2&#8243; box_shadow_spread=&#8220;-7px&#8220; global_colors_info=&#8220;{}&#8220;][et_pb_text _builder_version=&#8220;4.21.0&#8243; _module_preset=&#8220;default&#8220; text_text_color=&#8220;#003399&#8243; text_font_size=&#8220;18px&#8220; background_color=&#8220;RGBA(255,255,255,0)&#8220; custom_margin=&#8220;-10px|-6px|20px|-6px|false|true&#8220; custom_padding=&#8220;20px|0px|20px|0px|true|true&#8220; border_width_bottom=&#8220;2px&#8220; border_color_bottom=&#8220;#E09900&#8243; global_colors_info=&#8220;{}&#8220;]<\/p>\n<p>Vulnerability Scan<\/p>\n<p>[\/et_pb_text][et_pb_text _builder_version=&#8220;4.21.0&#8243; _module_preset=&#8220;default&#8220; global_colors_info=&#8220;{}&#8220;]<\/p>\n<div class=\"flipCard-body\">\n<div class=\"flipCard-front\">\n<p><span>A vulnerability scan (german: vulnerability scan) is an automated process for identifying security vulnerabilities and vulnerabilities in a computer system, network, or application. The goal of a vulnerability scan is to discover potential vulnerabilities before they can be exploited by attackers.<\/span><\/p>\n<\/div>\n<\/div>\n<p>[\/et_pb_text][\/et_pb_column][\/et_pb_row][et_pb_row column_structure=&#8220;1_3,1_3,1_3&#8243; make_equal=&#8220;on&#8220; _builder_version=&#8220;4.21.0&#8243; _module_preset=&#8220;default&#8220; background_enable_color=&#8220;off&#8220; min_height=&#8220;131px&#8220; custom_margin=&#8220;2px|auto||auto|false|false&#8220; global_colors_info=&#8220;{}&#8220;][et_pb_column type=&#8220;1_3&#8243; _builder_version=&#8220;4.21.0&#8243; _dynamic_attributes=&#8220;link_option_url&#8220; _module_preset=&#8220;default&#8220; background_color=&#8220;#f4f4f4&#8243; custom_padding=&#8220;10px|10px|10px|10px|true|true&#8220; link_option_url=&#8220;@ET-DC@eyJkeW5hbWljIjp0cnVlLCJjb250ZW50IjoicG9zdF9saW5rX3VybF9wYWdlIiwic2V0dGluZ3MiOnsicG9zdF9pZCI6IjI0Mjk4NCJ9fQ==@&#8220; border_width_all=&#8220;1px&#8220; border_color_all=&#8220;#003399&#8243; box_shadow_style=&#8220;preset2&#8243; box_shadow_spread=&#8220;-7px&#8220; global_colors_info=&#8220;{}&#8220;][et_pb_text _builder_version=&#8220;4.21.0&#8243; _module_preset=&#8220;default&#8220; text_text_color=&#8220;#003399&#8243; text_font_size=&#8220;18px&#8220; background_color=&#8220;RGBA(255,255,255,0)&#8220; custom_margin=&#8220;-10px|-6px|20px|-6px|false|true&#8220; custom_padding=&#8220;20px|0px|20px|0px|true|true&#8220; border_width_bottom=&#8220;2px&#8220; border_color_bottom=&#8220;#E09900&#8243; global_colors_info=&#8220;{}&#8220;]<\/p>\n<p>Managed Kubernetes<\/p>\n<p>[\/et_pb_text][et_pb_text _builder_version=&#8220;4.21.0&#8243; _module_preset=&#8220;default&#8220; global_colors_info=&#8220;{}&#8220;]<\/p>\n<div class=\"flipCard-body\">\n<div class=\"flipCard-front\">\n<p><span>Managed Kubernetes refers to a managed service that enables organizations to more easily create, deploy, and manage Kubernetes clusters. Kubernetes is an open-source platform for orchestrating and managing containerized applications. It automates the deployment, scaling, and management of containers across multiple hosts.<\/span><\/p>\n<\/div>\n<\/div>\n<p>[\/et_pb_text][\/et_pb_column][et_pb_column type=&#8220;1_3&#8243; _builder_version=&#8220;4.21.0&#8243; _dynamic_attributes=&#8220;link_option_url&#8220; _module_preset=&#8220;default&#8220; background_color=&#8220;#f4f4f4&#8243; custom_padding=&#8220;10px|10px|10px|10px|true|true&#8220; link_option_url=&#8220;@ET-DC@eyJkeW5hbWljIjp0cnVlLCJjb250ZW50IjoicG9zdF9saW5rX3VybF9wYWdlIiwic2V0dGluZ3MiOnsicG9zdF9pZCI6IjI0Mjk4OCJ9fQ==@&#8220; border_width_all=&#8220;1px&#8220; border_color_all=&#8220;#003399&#8243; box_shadow_style=&#8220;preset2&#8243; box_shadow_spread=&#8220;-7px&#8220; global_colors_info=&#8220;{}&#8220;][et_pb_text _builder_version=&#8220;4.21.0&#8243; _module_preset=&#8220;default&#8220; text_text_color=&#8220;#003399&#8243; text_font_size=&#8220;18px&#8220; background_color=&#8220;RGBA(255,255,255,0)&#8220; custom_margin=&#8220;-10px|-6px|20px|-6px|false|true&#8220; custom_padding=&#8220;20px|0px|20px|0px|true|true&#8220; border_width_bottom=&#8220;2px&#8220; border_color_bottom=&#8220;#E09900&#8243; global_colors_info=&#8220;{}&#8220;]<\/p>\n<p>Open Cloud Workspace<\/p>\n<p>[\/et_pb_text][et_pb_text _builder_version=&#8220;4.21.0&#8243; _module_preset=&#8220;default&#8220; global_colors_info=&#8220;{}&#8220;]<\/p>\n<div class=\"flipCard-body\">\n<div class=\"flipCard-front\">\n<p><span>The term \"open cloud workspace\" refers to a type of work environment based on the use of cloud-based services and platforms. It is an integrated solution that allows users to access various applications, resources, and services, regardless of their location or the devices they use.<\/span><\/p>\n<\/div>\n<\/div>\n<p>[\/et_pb_text][\/et_pb_column][et_pb_column type=&#8220;1_3&#8243; _builder_version=&#8220;4.21.0&#8243; _dynamic_attributes=&#8220;link_option_url&#8220; _module_preset=&#8220;default&#8220; background_color=&#8220;#f4f4f4&#8243; custom_padding=&#8220;10px|10px|10px|10px|true|true&#8220; link_option_url=&#8220;@ET-DC@eyJkeW5hbWljIjp0cnVlLCJjb250ZW50IjoicG9zdF9saW5rX3VybF9wYWdlIiwic2V0dGluZ3MiOnsicG9zdF9pZCI6IjI0Mjk5MiJ9fQ==@&#8220; border_width_all=&#8220;1px&#8220; border_color_all=&#8220;#003399&#8243; box_shadow_style=&#8220;preset2&#8243; box_shadow_spread=&#8220;-7px&#8220; global_colors_info=&#8220;{}&#8220;][et_pb_text _builder_version=&#8220;4.21.0&#8243; _module_preset=&#8220;default&#8220; text_text_color=&#8220;#003399&#8243; text_font_size=&#8220;18px&#8220; background_color=&#8220;RGBA(255,255,255,0)&#8220; custom_margin=&#8220;-10px|-6px|20px|-6px|false|true&#8220; custom_padding=&#8220;20px|0px|20px|0px|true|true&#8220; border_width_bottom=&#8220;2px&#8220; border_color_bottom=&#8220;#E09900&#8243; global_colors_info=&#8220;{}&#8220;]<\/p>\n<p>Open Stack Cloud Computing<\/p>\n<p>[\/et_pb_text][et_pb_text _builder_version=&#8220;4.21.0&#8243; _module_preset=&#8220;default&#8220; global_colors_info=&#8220;{}&#8220;]<\/p>\n<div class=\"flipCard-body\">\n<div class=\"flipCard-front\">\n<p><span>OpenStack is an open-source cloud computing platform that enables organizations to create and manage private, public, or hybrid cloud environments. The platform offers a set of services and components that are flexible and scalable, enabling organizations to use infrastructure resources efficiently.<\/span><\/p>\n<\/div>\n<\/div>\n<p>[\/et_pb_text][\/et_pb_column][\/et_pb_row][et_pb_row column_structure=&#8220;1_3,1_3,1_3&#8243; make_equal=&#8220;on&#8220; _builder_version=&#8220;4.21.0&#8243; _module_preset=&#8220;default&#8220; background_enable_color=&#8220;off&#8220; min_height=&#8220;131px&#8220; custom_margin=&#8220;2px|auto||auto|false|false&#8220; hover_enabled=&#8220;0&#8243; global_colors_info=&#8220;{}&#8220; sticky_enabled=&#8220;0&#8243;][et_pb_column type=&#8220;1_3&#8243; _builder_version=&#8220;4.21.0&#8243; _dynamic_attributes=&#8220;link_option_url&#8220; _module_preset=&#8220;default&#8220; background_color=&#8220;#f4f4f4&#8243; custom_padding=&#8220;10px|10px|10px|10px|true|true&#8220; link_option_url=&#8220;@ET-DC@eyJkeW5hbWljIjp0cnVlLCJjb250ZW50IjoicG9zdF9saW5rX3VybF9wYWdlIiwic2V0dGluZ3MiOnsicG9zdF9pZCI6IjI0Mjk5NiJ9fQ==@&#8220; border_width_all=&#8220;1px&#8220; border_color_all=&#8220;#003399&#8243; box_shadow_style=&#8220;preset2&#8243; box_shadow_spread=&#8220;-7px&#8220; global_colors_info=&#8220;{}&#8220;][et_pb_text _builder_version=&#8220;4.21.0&#8243; _module_preset=&#8220;default&#8220; text_text_color=&#8220;#003399&#8243; text_font_size=&#8220;18px&#8220; background_color=&#8220;RGBA(255,255,255,0)&#8220; custom_margin=&#8220;-10px|-6px|20px|-6px|false|true&#8220; custom_padding=&#8220;20px|0px|20px|0px|true|true&#8220; border_width_bottom=&#8220;2px&#8220; border_color_bottom=&#8220;#E09900&#8243; global_colors_info=&#8220;{}&#8220;]<\/p>\n<p>vServer<\/p>\n<p>[\/et_pb_text][et_pb_text _builder_version=&#8220;4.21.0&#8243; _module_preset=&#8220;default&#8220; global_colors_info=&#8220;{}&#8220;]<\/p>\n<div class=\"flipCard-body\">\n<div class=\"flipCard-front\">\n<p>vServer refers to a cloud service where virtual server resources are deployed on a shared infrastructure. Organizations can rent virtual servers and configure, manage, and use them as needed, without having to own or manage the physical hardware themselves.<\/p>\n<\/div>\n<\/div>\n<p>[\/et_pb_text][\/et_pb_column][et_pb_column type=&#8220;1_3&#8243; _builder_version=&#8220;4.21.0&#8243; _module_preset=&#8220;default&#8220; background_color=&#8220;#f4f4f4&#8243; custom_padding=&#8220;10px|10px|10px|10px|true|true&#8220; hover_enabled=&#8220;0&#8243; border_width_all=&#8220;1px&#8220; border_color_all=&#8220;#003399&#8243; box_shadow_style=&#8220;preset2&#8243; box_shadow_spread=&#8220;-7px&#8220; global_colors_info=&#8220;{}&#8220; sticky_enabled=&#8220;0&#8243;][\/et_pb_column][et_pb_column type=&#8220;1_3&#8243; _builder_version=&#8220;4.21.0&#8243; _module_preset=&#8220;default&#8220; background_color=&#8220;#f4f4f4&#8243; custom_padding=&#8220;10px|10px|10px|10px|true|true&#8220; hover_enabled=&#8220;0&#8243; border_width_all=&#8220;1px&#8220; border_color_all=&#8220;#003399&#8243; box_shadow_style=&#8220;preset2&#8243; box_shadow_spread=&#8220;-7px&#8220; global_colors_info=&#8220;{}&#8220; sticky_enabled=&#8220;0&#8243;][\/et_pb_column][\/et_pb_row][et_pb_row _builder_version=&#8220;4.16&#8243; _module_preset=&#8220;default&#8220; global_colors_info=&#8220;{}&#8220;][et_pb_column type=&#8220;4_4&#8243; _builder_version=&#8220;4.16&#8243; _module_preset=&#8220;default&#8220; global_colors_info=&#8220;{}&#8220;][et_pb_text _builder_version=&#8220;4.16&#8243; _module_preset=&#8220;default&#8220; global_colors_info=&#8220;{}&#8220;]<\/p>\n<p>Get in touch with us. We work out an individual solution with you.<\/p>\n<p>[\/et_pb_text][et_pb_button button_url=&#8220;https:\/\/echo-service.eu\/#kontakt&#8220; button_text=&#8220;Kontakt&#8220; button_alignment=&#8220;center&#8220; _builder_version=&#8220;4.16&#8243; _module_preset=&#8220;default&#8220; custom_button=&#8220;on&#8220; button_text_color=&#8220;#003399&#8243; button_bg_color=&#8220;#FFFFFF&#8220; button_border_radius=&#8220;2px&#8220; button_letter_spacing=&#8220;2px&#8220; button_font=&#8220;|||||on|||&#8220; button_use_icon=&#8220;off&#8220; box_shadow_style=&#8220;preset2&#8243; box_shadow_horizontal=&#8220;5px&#8220; box_shadow_vertical=&#8220;5px&#8220; global_colors_info=&#8220;{}&#8220;][\/et_pb_button][\/et_pb_column][\/et_pb_row][\/et_pb_section]<\/p>","protected":false},"excerpt":{"rendered":"<p>by ECHODie ECHO bietet Ihnen individuell auf Ihre Bed\u00fcrfnisse angepasste Managed Services an.SOC Ein Security Operations Center (SOC) ist eine spezialisierte Einheit oder Abteilung, die f\u00fcr die \u00dcberwachung, Analyse und Reaktion auf Sicherheitsvorf\u00e4lle und -bedrohungen in einer Organisation verantwortlich ist. Das SOC spielt eine entscheidende Rolle bei der Gew\u00e4hrleistung der IT-Sicherheit und des Schutzes von [&hellip;]<\/p>","protected":false},"author":1,"featured_media":0,"parent":0,"menu_order":0,"comment_status":"closed","ping_status":"closed","template":"","meta":{"_et_pb_use_builder":"on","_et_pb_old_content":"","_et_gb_content_width":"","footnotes":""},"class_list":["post-243028","page","type-page","status-publish","hentry"],"jetpack_sharing_enabled":true,"_links":{"self":[{"href":"https:\/\/echo-service.eu\/en\/wp-json\/wp\/v2\/pages\/243028","targetHints":{"allow":["GET"]}}],"collection":[{"href":"https:\/\/echo-service.eu\/en\/wp-json\/wp\/v2\/pages"}],"about":[{"href":"https:\/\/echo-service.eu\/en\/wp-json\/wp\/v2\/types\/page"}],"author":[{"embeddable":true,"href":"https:\/\/echo-service.eu\/en\/wp-json\/wp\/v2\/users\/1"}],"replies":[{"embeddable":true,"href":"https:\/\/echo-service.eu\/en\/wp-json\/wp\/v2\/comments?post=243028"}],"version-history":[{"count":9,"href":"https:\/\/echo-service.eu\/en\/wp-json\/wp\/v2\/pages\/243028\/revisions"}],"predecessor-version":[{"id":243188,"href":"https:\/\/echo-service.eu\/en\/wp-json\/wp\/v2\/pages\/243028\/revisions\/243188"}],"wp:attachment":[{"href":"https:\/\/echo-service.eu\/en\/wp-json\/wp\/v2\/media?parent=243028"}],"curies":[{"name":"wp","href":"https:\/\/api.w.org\/{rel}","templated":true}]}}